{"id":3,"date":"2025-09-19T11:56:30","date_gmt":"2025-09-19T09:56:30","guid":{"rendered":"https:\/\/vion-am.com\/?page_id=3"},"modified":"2025-09-23T19:18:34","modified_gmt":"2025-09-23T17:18:34","slug":"datenschutzerklaerung","status":"publish","type":"page","link":"https:\/\/vion-am.com\/de\/datenschutzerklaerung\/","title":{"rendered":"Datenschutzerkl\u00e4rung"},"content":{"rendered":"\r\n<h1 id=\"wbk-headline\" class=\"aligncenter wp-block-heading\">Datenschutzerkl\u00e4rung<\/h1>\r\n<div id=\"wbk-content\" class=\"ct cm\">\r\n<div class=\"wbk-widget wbk-widget-text wbk-widget-text-headline wbk-inner-content\">\r\n<div class=\"wbk-widget-content wbk-widget-content-text\">\r\n<div>\r\n<h2><strong>I.\u00a0Informationen \u00fcber die Verarbeitung Ihrer Daten gem\u00e4\u00df Art. 13 der Datenschutz-Grundverordnung (DS-GVO)<\/strong><\/h2>\r\n<\/div>\r\n<\/div>\r\n<\/div>\r\n<div class=\"wbk-widget wbk-widget-text wbk-widget-text-headline wbk-inner-content\">\r\n<div class=\"wbk-widget-content wbk-widget-content-text\">\r\n<div>\r\n<h3><strong>1.\u00a0Verantwortlicher und Datenschutzbeauftragter<\/strong><\/h3>\r\n<\/div>\r\n<\/div>\r\n<\/div>\r\n<div class=\"wbk-widget wbk-widget-text wbk-inner-content\">\r\n<div class=\"wbk-widget-content wbk-widget-content-text\">\r\n<div>\r\n<p>Verantwortlich f\u00fcr diese Website ist<\/p>\r\n<\/div>\r\n<\/div>\r\n<\/div>\r\n<div class=\"wbk-widget wbk-widget-text wbk-inner-content\">\r\n<div class=\"wbk-widget-content wbk-widget-content-text\">\r\n<div>\r\n<p>VION Asset Management GmbH, Hohe Stra\u00dfe 85-87, 50667 K\u00f6ln, Email:<a href=\"mailto:info@beppo-capital.de\">info@vion-am.com<\/a>.<\/p>\r\n<\/div>\r\n<\/div>\r\n<\/div>\r\n<div class=\"wbk-widget wbk-widget-text wbk-inner-content\">\r\n<div class=\"wbk-widget-content wbk-widget-content-text\">\r\n<div>\r\n<p>Den Datenschutzbeauftragten erreichen Sie per E-Mail unter<\/p>\r\n<\/div>\r\n<\/div>\r\n<\/div>\r\n<div class=\"wbk-widget wbk-widget-text wbk-inner-content\">\r\n<div class=\"wbk-widget-content wbk-widget-content-text\">\r\n<div>\r\n<p><a href=\"mailto:datenschutz@beppo-capital.de\">datenschutz@vion-am.com<\/a>\u00a0<\/p>\r\n<\/div>\r\n<\/div>\r\n<\/div>\r\n<div class=\"wbk-widget wbk-widget-text wbk-inner-content\">\r\n<div class=\"wbk-widget-content wbk-widget-content-text\">\r\n<div>\r\n<p>oder \u00fcber die Adresse<\/p>\r\n<\/div>\r\n<\/div>\r\n<\/div>\r\n<div class=\"wbk-widget wbk-widget-text wbk-inner-content\">\r\n<div class=\"wbk-widget-content wbk-widget-content-text\">\r\n<div>\r\n<p>VION Asset Management GmbH, Hohe Stra\u00dfe 85-87, 50667 K\u00f6ln.<\/p>\r\n<\/div>\r\n<\/div>\r\n<\/div>\r\n<div class=\"wbk-widget wbk-widget-text wbk-widget-text-headline wbk-inner-content\">\r\n<div class=\"wbk-widget-content wbk-widget-content-text\">\r\n<div>\r\n<h3><strong>2. Daten, die f\u00fcr die Bereitstellung der Website und die Erstellung der Protokolldateien verarbeitet werden<\/strong><\/h3>\r\n<\/div>\r\n<\/div>\r\n<\/div>\r\n<div class=\"wbk-widget wbk-widget-text wbk-widget-text-headline wbk-inner-content\">\r\n<div class=\"wbk-widget-content wbk-widget-content-text\">\r\n<div>\r\n<h4><strong>a. Welche Daten werden f\u00fcr welchen Zweck verarbeitet?<\/strong><\/h4>\r\n<\/div>\r\n<\/div>\r\n<\/div>\r\n<div class=\"wbk-widget wbk-widget-text wbk-inner-content\">\r\n<div class=\"wbk-widget-content wbk-widget-content-text\">\r\n<div>\r\n<p>Bei jedem Zugriff auf Inhalte der Website werden vor\u00fcbergehend Daten gespeichert, die m\u00f6glicherweise eine Identifizierung zulassen. Die folgenden Daten werden hierbei erhoben:<\/p>\r\n<\/div>\r\n<\/div>\r\n<\/div>\r\n<div class=\"wbk-widget wbk-widget-text wbk-inner-content\">\r\n<div class=\"wbk-widget-content wbk-widget-content-text\">\r\n<div>\r\n<p>&#8211;\u00a0Datum und Uhrzeit des Zugriffs<\/p>\r\n<\/div>\r\n<\/div>\r\n<\/div>\r\n<div class=\"wbk-widget wbk-widget-text wbk-inner-content\">\r\n<div class=\"wbk-widget-content wbk-widget-content-text\">\r\n<div>\r\n<p>&#8211; IP-Adresse<\/p>\r\n<\/div>\r\n<\/div>\r\n<\/div>\r\n<div class=\"wbk-widget wbk-widget-text wbk-inner-content\">\r\n<div class=\"wbk-widget-content wbk-widget-content-text\">\r\n<div>\r\n<p>&#8211;\u00a0Hostname des zugreifenden Rechners<\/p>\r\n<\/div>\r\n<\/div>\r\n<\/div>\r\n<div class=\"wbk-widget wbk-widget-text wbk-inner-content\">\r\n<div class=\"wbk-widget-content wbk-widget-content-text\">\r\n<div>\r\n<p>&#8211;\u00a0Website, von der aus die Website aufgerufen wurde<\/p>\r\n<\/div>\r\n<\/div>\r\n<\/div>\r\n<div class=\"wbk-widget wbk-widget-text wbk-inner-content\">\r\n<div class=\"wbk-widget-content wbk-widget-content-text\">\r\n<div>\r\n<p>&#8211;\u00a0Websites, die \u00fcber die Website aufgerufen werden<\/p>\r\n<\/div>\r\n<\/div>\r\n<\/div>\r\n<div class=\"wbk-widget wbk-widget-text wbk-inner-content\">\r\n<div class=\"wbk-widget-content wbk-widget-content-text\">\r\n<div>\r\n<p>&#8211;\u00a0Besuchte Seite auf unserer Website<\/p>\r\n<\/div>\r\n<\/div>\r\n<\/div>\r\n<div class=\"wbk-widget wbk-widget-text wbk-inner-content\">\r\n<div class=\"wbk-widget-content wbk-widget-content-text\">\r\n<div>\r\n<p>&#8211;\u00a0Meldung, ob der Abruf erfolgreich war<\/p>\r\n<\/div>\r\n<\/div>\r\n<\/div>\r\n<div class=\"wbk-widget wbk-widget-text wbk-inner-content\">\r\n<div class=\"wbk-widget-content wbk-widget-content-text\">\r\n<div>\r\n<p>&#8211;\u00a0\u00dcbertragene Datenmenge<\/p>\r\n<\/div>\r\n<\/div>\r\n<\/div>\r\n<div class=\"wbk-widget wbk-widget-text wbk-inner-content\">\r\n<div class=\"wbk-widget-content wbk-widget-content-text\">\r\n<div>\r\n<p>&#8211;\u00a0Informationen \u00fcber den Browsertyp und die verwendete Version<\/p>\r\n<\/div>\r\n<\/div>\r\n<\/div>\r\n<div class=\"wbk-widget wbk-widget-text wbk-inner-content\">\r\n<div class=\"wbk-widget-content wbk-widget-content-text\">\r\n<div>\r\n<p>&#8211;\u00a0Betriebssystem<\/p>\r\n<\/div>\r\n<\/div>\r\n<\/div>\r\n<div class=\"wbk-widget wbk-widget-text wbk-inner-content\">\r\n<div class=\"wbk-widget-content wbk-widget-content-text\">\r\n<div>\r\n<p>Die vor\u00fcbergehende Speicherung der Daten ist f\u00fcr den Ablauf eines Websitebesuchs erforderlich, um eine Auslieferung der Website zu erm\u00f6glichen. Eine weitere Speicherung in Protokolldateien erfolgt, um die Funktionsf\u00e4higkeit der Website und die Sicherheit der informationstechnischen Systeme sicherzustellen. In diesen Zwecken liegt auch unser berechtigtes Interesse an der Datenverarbeitung.<\/p>\r\n<\/div>\r\n<\/div>\r\n<\/div>\r\n<div class=\"wbk-widget wbk-widget-text wbk-widget-text-headline wbk-inner-content\">\r\n<div class=\"wbk-widget-content wbk-widget-content-text\">\r\n<div>\r\n<h4><strong>b. Auf welcher Rechtsgrundlage werden diese Daten verarbeitet?<\/strong><\/h4>\r\n<\/div>\r\n<\/div>\r\n<\/div>\r\n<div class=\"wbk-widget wbk-widget-text wbk-inner-content\">\r\n<div class=\"wbk-widget-content wbk-widget-content-text\">\r\n<div>\r\n<p>Die Daten werden auf der Grundlage des Art. 6 Abs. 1 Buchstabe f DS-GVO verarbeitet.<\/p>\r\n<\/div>\r\n<\/div>\r\n<\/div>\r\n<div class=\"wbk-widget wbk-widget-text wbk-widget-text-headline wbk-inner-content\">\r\n<div class=\"wbk-widget-content wbk-widget-content-text\">\r\n<div>\r\n<h4><strong>c. Gibt es neben dem Verantwortlichen weitere Empf\u00e4nger der personenbezogenen Daten?<\/strong><\/h4>\r\n<\/div>\r\n<\/div>\r\n<\/div>\r\n<div class=\"wbk-widget wbk-widget-text wbk-inner-content\">\r\n<div class=\"wbk-widget-content wbk-widget-content-text\">\r\n<div>\r\n<p>Die Website wird bei all-inkl.com gehostet. Der Hoster empf\u00e4ngt die oben genannten Daten als Auftragsverarbeiter.<\/p>\r\n<\/div>\r\n<\/div>\r\n<\/div>\r\n<div class=\"wbk-widget wbk-widget-text wbk-widget-text-headline wbk-inner-content\">\r\n<div class=\"wbk-widget-content wbk-widget-content-text\">\r\n<div>\r\n<h4><strong>d. Wie lange werden die Daten gespeichert?<\/strong><\/h4>\r\n<\/div>\r\n<\/div>\r\n<\/div>\r\n<div class=\"wbk-widget wbk-widget-text wbk-inner-content\">\r\n<div class=\"wbk-widget-content wbk-widget-content-text\">\r\n<div>\r\n<p>Die Daten werden gel\u00f6scht, sobald sie f\u00fcr die Erreichung des Zwecks ihrer Erhebung nicht mehr erforderlich sind. Bei der Bereitstellung der Website ist dies der Fall, wenn die jeweilige Sitzung beendet ist. Die Protokolldateien werden maximal bis zu 24 Stunden direkt und ausschlie\u00dflich f\u00fcr Administratoren zug\u00e4nglich aufbewahrt. Danach sind sie nur noch indirekt \u00fcber die Rekonstruktion von Sicherungsb\u00e4ndern verf\u00fcgbar und werden nach maximal vier Wochen endg\u00fcltig gel\u00f6scht.<\/p>\r\n<\/div>\r\n<\/div>\r\n<\/div>\r\n<div class=\"wbk-widget wbk-widget-text wbk-widget-text-headline wbk-inner-content\">\r\n<div class=\"wbk-widget-content wbk-widget-content-text\">\r\n<div>\r\n<h3><strong>3. Betroffenenrechte<\/strong><\/h3>\r\n<\/div>\r\n<\/div>\r\n<\/div>\r\n<div class=\"wbk-widget wbk-widget-text wbk-widget-text-headline wbk-inner-content\">\r\n<div class=\"wbk-widget-content wbk-widget-content-text\">\r\n<div>\r\n<h4><strong>a. Recht auf Auskunft<\/strong><\/h4>\r\n<\/div>\r\n<\/div>\r\n<\/div>\r\n<div class=\"wbk-widget wbk-widget-text wbk-inner-content\">\r\n<div class=\"wbk-widget-content wbk-widget-content-text\">\r\n<div>\r\n<p>Sie k\u00f6nnen Auskunft nach Art. 15 DS-GVO \u00fcber Ihre personenbezogenen Daten verlangen, die wir verarbeiten.<\/p>\r\n<\/div>\r\n<\/div>\r\n<\/div>\r\n<div class=\"wbk-widget wbk-widget-text wbk-widget-text-headline wbk-inner-content\">\r\n<div class=\"wbk-widget-content wbk-widget-content-text\">\r\n<div>\r\n<h4><strong>b. Recht auf Widerspruch:<\/strong><\/h4>\r\n<\/div>\r\n<\/div>\r\n<\/div>\r\n<div class=\"wbk-widget wbk-widget-text wbk-inner-content\">\r\n<div class=\"wbk-widget-content wbk-widget-content-text\">\r\n<div>\r\n<p>Sie haben ein Recht auf Widerspruch aus besonderen Gr\u00fcnden (siehe unter Punkt II).<\/p>\r\n<\/div>\r\n<\/div>\r\n<\/div>\r\n<div class=\"wbk-widget wbk-widget-text wbk-widget-text-headline wbk-inner-content\">\r\n<div class=\"wbk-widget-content wbk-widget-content-text\">\r\n<div>\r\n<h4><strong>c. Recht auf Berichtigung<\/strong><\/h4>\r\n<\/div>\r\n<\/div>\r\n<\/div>\r\n<div class=\"wbk-widget wbk-widget-text wbk-inner-content\">\r\n<div class=\"wbk-widget-content wbk-widget-content-text\">\r\n<div>\r\n<p>Sollten die Sie betreffenden Angaben nicht (mehr) zutreffend sein, k\u00f6nnen Sie nach Art. 16 DS-GVO eine Berichtigung verlangen. Sollten Ihre Daten unvollst\u00e4ndig sein, k\u00f6nnen Sie eine Vervollst\u00e4ndigung verlangen.<\/p>\r\n<\/div>\r\n<\/div>\r\n<\/div>\r\n<div class=\"wbk-widget wbk-widget-text wbk-widget-text-headline wbk-inner-content\">\r\n<div class=\"wbk-widget-content wbk-widget-content-text\">\r\n<div>\r\n<h4><strong>d. Recht auf L\u00f6schung<\/strong><\/h4>\r\n<\/div>\r\n<\/div>\r\n<\/div>\r\n<div class=\"wbk-widget wbk-widget-text wbk-inner-content\">\r\n<div class=\"wbk-widget-content wbk-widget-content-text\">\r\n<div>\r\n<p>Sie k\u00f6nnen nach Art. 17 DS-GVO die L\u00f6schung Ihrer personenbezogenen Daten verlangen.<\/p>\r\n<\/div>\r\n<\/div>\r\n<\/div>\r\n<div class=\"wbk-widget wbk-widget-text wbk-widget-text-headline wbk-inner-content\">\r\n<div class=\"wbk-widget-content wbk-widget-content-text\">\r\n<div>\r\n<h4><strong>e. Recht auf Einschr\u00e4nkung der Verarbeitung<\/strong><\/h4>\r\n<\/div>\r\n<\/div>\r\n<\/div>\r\n<div class=\"wbk-widget wbk-widget-text wbk-inner-content\">\r\n<div class=\"wbk-widget-content wbk-widget-content-text\">\r\n<div>\r\n<p>Sie haben nach Art. 18 DS-GVO das Recht, eine Einschr\u00e4nkung der Verarbeitung Ihrer personenbezogenen Daten zu verlangen.<\/p>\r\n<\/div>\r\n<\/div>\r\n<\/div>\r\n<div class=\"wbk-widget wbk-widget-text wbk-widget-text-headline wbk-inner-content\">\r\n<div class=\"wbk-widget-content wbk-widget-content-text\">\r\n<div>\r\n<h4><strong>f. Recht auf Beschwerde<\/strong><\/h4>\r\n<\/div>\r\n<\/div>\r\n<\/div>\r\n<div class=\"wbk-widget wbk-widget-text wbk-inner-content\">\r\n<div class=\"wbk-widget-content wbk-widget-content-text\">\r\n<div>\r\n<p>Wenn Sie der Ansicht sind, dass die Verarbeitung Ihrer personenbezogenen Daten gegen Datenschutzrecht verst\u00f6\u00dft, haben Sie nach Ar. 77 Abs. 1 DS-GVO das Recht, sich bei einer Datenschutzaufsichtsbeh\u00f6rde eigener Wahl zu beschweren. Hierzu geh\u00f6rt auch die f\u00fcr den Verantwortlichen zust\u00e4ndige Datenschutzaufsichtsbeh\u00f6rde: Landesbeauftragte f\u00fcr Datenschutz und Informationsfreiheit Nordrhein-Westfalen,\u00a0<em><a href=\"https:\/\/www.ldi.nrw.de\/kontakt\/ihre-beschwerde\">https:\/\/www.ldi.nrw.de\/kontakt\/ihre-beschwerde<\/a>.<\/em><\/p>\r\n<\/div>\r\n<\/div>\r\n<\/div>\r\n<div class=\"wbk-widget wbk-widget-text wbk-widget-text-headline wbk-inner-content\">\r\n<div class=\"wbk-widget-content wbk-widget-content-text\">\r\n<div>\r\n<h4><strong>g. Recht auf Daten\u00fcbertragbarkeit<\/strong><\/h4>\r\n<\/div>\r\n<\/div>\r\n<\/div>\r\n<div class=\"wbk-widget wbk-widget-text wbk-inner-content\">\r\n<div class=\"wbk-widget-content wbk-widget-content-text\">\r\n<div>\r\n<p>F\u00fcr den Fall, dass die Voraussetzungen des Art. 20 Abs. 1 DS-GVO vorliegen, steht Ihnen das Recht zu, sich Daten, die wir auf Grundlage Ihrer Einwilligung oder in Erf\u00fcllung eines Vertrags automatisiert verarbeiten, an sich oder an Dritte aush\u00e4ndigen zu lassen. Die Erfassung der Daten zur Bereitstellung der Website und die Speicherung der Protokolldateien sind f\u00fcr den Betrieb der Internetseite zwingend erforderlich. Sie beruhen daher nicht auf einer Einwilligung nach Art. 6 Abs. 1 Buchstabe a DS-GVO oder auf einem Vertrag nach Art. 6 Abs. 1 Buchstabe b DS-GVO, sondern sind nach Art. 6 Abs. 1 Buchstabe f DS-GVO gerechtfertigt. Die Voraussetzungen des Art. 20 Abs. 1 DS-GVO sind demnach insoweit nicht erf\u00fcllt.<\/p>\r\n<\/div>\r\n<\/div>\r\n<\/div>\r\n<div class=\"wbk-widget wbk-widget-text wbk-widget-text-headline wbk-inner-content\">\r\n<div class=\"wbk-widget-content wbk-widget-content-text\">\r\n<div>\r\n<h2><strong>II. Recht auf Widerspruch gem\u00e4\u00df Art. 21 Abs. 1 DS-GVO<\/strong><\/h2>\r\n<\/div>\r\n<\/div>\r\n<\/div>\r\n<div class=\"wbk-widget wbk-widget-text wbk-inner-content\">\r\n<div class=\"wbk-widget-content wbk-widget-content-text\">\r\n<div>\r\n<p>Sie haben das Recht, aus Gr\u00fcnden, die sich aus Ihrer besonderen Situation ergeben, jederzeit gegen die Verarbeitung Ihrer personenbezogenen Daten, die aufgrund von Artikel 6 Abs. 1 Buchstabe f DS-GVO erfolgt, Widerspruch einzulegen. Der Verantwortliche verarbeitet die personenbezogenen Daten dann nicht mehr, es sei denn, er kann zwingende schutzw\u00fcrdige Gr\u00fcnde f\u00fcr die Verarbeitung nachweisen, die die Interessen, Rechte und Freiheiten der betroffenen Person \u00fcberwiegen, oder die Verarbeitung dient der Geltendmachung, Aus\u00fcbung oder Verteidigung von Rechtsanspr\u00fcchen. Die Erfassung der Daten zur Bereitstellung der Website und die Speicherung der Protokolldateien sind f\u00fcr den Betrieb der Internetseite zwingend erforderlich.<\/p>\r\n<\/div>\r\n<\/div>\r\n<\/div>\r\n<\/div>","protected":false},"excerpt":{"rendered":"<p>Datenschutzerkl\u00e4rung I.\u00a0Informationen \u00fcber die Verarbeitung Ihrer Daten gem\u00e4\u00df Art. 13 der Datenschutz-Grundverordnung (DS-GVO) 1.\u00a0Verantwortlicher und Datenschutzbeauftragter Verantwortlich f\u00fcr diese Website ist VION Asset Management GmbH, Hohe Stra\u00dfe 85-87, 50667 K\u00f6ln, Email:info@vion-am.com. Den Datenschutzbeauftragten erreichen Sie per E-Mail unter datenschutz@vion-am.com\u00a0 oder \u00fcber die Adresse VION Asset Management GmbH, Hohe Stra\u00dfe 85-87, 50667 K\u00f6ln. 2. Daten, die [&hellip;]<\/p>\n","protected":false},"author":1,"featured_media":0,"parent":0,"menu_order":0,"comment_status":"closed","ping_status":"open","template":"","meta":{"footnotes":""},"class_list":["post-3","page","type-page","status-publish","hentry"],"yoast_head":"<!-- This site is optimized with the Yoast SEO plugin v26.5 - https:\/\/yoast.com\/wordpress\/plugins\/seo\/ -->\n<title>Datenschutzerkl\u00e4rung - VION Asset Management<\/title>\n<meta name=\"robots\" content=\"index, follow, max-snippet:-1, max-image-preview:large, max-video-preview:-1\" \/>\n<link rel=\"canonical\" href=\"https:\/\/vion-am.com\/de\/datenschutzerklaerung\/\" \/>\n<meta property=\"og:locale\" content=\"de_DE\" \/>\n<meta property=\"og:type\" content=\"article\" \/>\n<meta property=\"og:title\" content=\"Datenschutzerkl\u00e4rung - VION Asset Management\" \/>\n<meta property=\"og:description\" content=\"Datenschutzerkl\u00e4rung I.\u00a0Informationen \u00fcber die Verarbeitung Ihrer Daten gem\u00e4\u00df Art. 13 der Datenschutz-Grundverordnung (DS-GVO) 1.\u00a0Verantwortlicher und Datenschutzbeauftragter Verantwortlich f\u00fcr diese Website ist VION Asset Management GmbH, Hohe Stra\u00dfe 85-87, 50667 K\u00f6ln, Email:info@vion-am.com. Den Datenschutzbeauftragten erreichen Sie per E-Mail unter datenschutz@vion-am.com\u00a0 oder \u00fcber die Adresse VION Asset Management GmbH, Hohe Stra\u00dfe 85-87, 50667 K\u00f6ln. 2. Daten, die [&hellip;]\" \/>\n<meta property=\"og:url\" content=\"https:\/\/vion-am.com\/de\/datenschutzerklaerung\/\" \/>\n<meta property=\"og:site_name\" content=\"VION Asset Management\" \/>\n<meta property=\"article:publisher\" content=\"https:\/\/www.facebook.com\/vionassetmanagement\" \/>\n<meta property=\"article:modified_time\" content=\"2025-09-23T17:18:34+00:00\" \/>\n<meta name=\"twitter:card\" content=\"summary_large_image\" \/>\n<meta name=\"twitter:label1\" content=\"Gesch\u00e4tzte Lesezeit\" \/>\n\t<meta name=\"twitter:data1\" content=\"4\u00a0Minuten\" \/>\n<script type=\"application\/ld+json\" class=\"yoast-schema-graph\">{\"@context\":\"https:\/\/schema.org\",\"@graph\":[{\"@type\":\"WebPage\",\"@id\":\"https:\/\/vion-am.com\/de\/datenschutzerklaerung\/\",\"url\":\"https:\/\/vion-am.com\/de\/datenschutzerklaerung\/\",\"name\":\"Datenschutzerkl\u00e4rung - VION Asset Management\",\"isPartOf\":{\"@id\":\"https:\/\/vion-am.com\/de\/#website\"},\"datePublished\":\"2025-09-19T09:56:30+00:00\",\"dateModified\":\"2025-09-23T17:18:34+00:00\",\"breadcrumb\":{\"@id\":\"https:\/\/vion-am.com\/de\/datenschutzerklaerung\/#breadcrumb\"},\"inLanguage\":\"de\",\"potentialAction\":[{\"@type\":\"ReadAction\",\"target\":[\"https:\/\/vion-am.com\/de\/datenschutzerklaerung\/\"]}]},{\"@type\":\"BreadcrumbList\",\"@id\":\"https:\/\/vion-am.com\/de\/datenschutzerklaerung\/#breadcrumb\",\"itemListElement\":[{\"@type\":\"ListItem\",\"position\":1,\"name\":\"Home\",\"item\":\"https:\/\/vion-am.com\/de\/\"},{\"@type\":\"ListItem\",\"position\":2,\"name\":\"Datenschutzerkl\u00e4rung\"}]},{\"@type\":\"WebSite\",\"@id\":\"https:\/\/vion-am.com\/de\/#website\",\"url\":\"https:\/\/vion-am.com\/de\/\",\"name\":\"VION Asset Management\",\"description\":\"Transparent. Fair. Unabh\u00e4ngig.\",\"publisher\":{\"@id\":\"https:\/\/vion-am.com\/de\/#organization\"},\"potentialAction\":[{\"@type\":\"SearchAction\",\"target\":{\"@type\":\"EntryPoint\",\"urlTemplate\":\"https:\/\/vion-am.com\/de\/?s={search_term_string}\"},\"query-input\":{\"@type\":\"PropertyValueSpecification\",\"valueRequired\":true,\"valueName\":\"search_term_string\"}}],\"inLanguage\":\"de\"},{\"@type\":\"Organization\",\"@id\":\"https:\/\/vion-am.com\/de\/#organization\",\"name\":\"VION Asset Management\",\"url\":\"https:\/\/vion-am.com\/de\/\",\"logo\":{\"@type\":\"ImageObject\",\"inLanguage\":\"de\",\"@id\":\"https:\/\/vion-am.com\/de\/#\/schema\/logo\/image\/\",\"url\":\"https:\/\/vion-am.com\/wp-content\/uploads\/2025\/09\/vion-am-favicon.png\",\"contentUrl\":\"https:\/\/vion-am.com\/wp-content\/uploads\/2025\/09\/vion-am-favicon.png\",\"width\":1024,\"height\":1024,\"caption\":\"VION Asset Management\"},\"image\":{\"@id\":\"https:\/\/vion-am.com\/de\/#\/schema\/logo\/image\/\"},\"sameAs\":[\"https:\/\/www.facebook.com\/vionassetmanagement\",\"https:\/\/www.linkedin.com\/company\/vion-asset-management\",\"https:\/\/www.instagram.com\/vion_asset_management\/\"]}]}<\/script>\n<!-- \/ Yoast SEO plugin. -->","yoast_head_json":{"title":"Datenschutzerkl\u00e4rung - VION Asset Management","robots":{"index":"index","follow":"follow","max-snippet":"max-snippet:-1","max-image-preview":"max-image-preview:large","max-video-preview":"max-video-preview:-1"},"canonical":"https:\/\/vion-am.com\/de\/datenschutzerklaerung\/","og_locale":"de_DE","og_type":"article","og_title":"Datenschutzerkl\u00e4rung - VION Asset Management","og_description":"Datenschutzerkl\u00e4rung I.\u00a0Informationen \u00fcber die Verarbeitung Ihrer Daten gem\u00e4\u00df Art. 13 der Datenschutz-Grundverordnung (DS-GVO) 1.\u00a0Verantwortlicher und Datenschutzbeauftragter Verantwortlich f\u00fcr diese Website ist VION Asset Management GmbH, Hohe Stra\u00dfe 85-87, 50667 K\u00f6ln, Email:info@vion-am.com. Den Datenschutzbeauftragten erreichen Sie per E-Mail unter datenschutz@vion-am.com\u00a0 oder \u00fcber die Adresse VION Asset Management GmbH, Hohe Stra\u00dfe 85-87, 50667 K\u00f6ln. 2. Daten, die [&hellip;]","og_url":"https:\/\/vion-am.com\/de\/datenschutzerklaerung\/","og_site_name":"VION Asset Management","article_publisher":"https:\/\/www.facebook.com\/vionassetmanagement","article_modified_time":"2025-09-23T17:18:34+00:00","twitter_card":"summary_large_image","twitter_misc":{"Gesch\u00e4tzte Lesezeit":"4\u00a0Minuten"},"schema":{"@context":"https:\/\/schema.org","@graph":[{"@type":"WebPage","@id":"https:\/\/vion-am.com\/de\/datenschutzerklaerung\/","url":"https:\/\/vion-am.com\/de\/datenschutzerklaerung\/","name":"Datenschutzerkl\u00e4rung - VION Asset Management","isPartOf":{"@id":"https:\/\/vion-am.com\/de\/#website"},"datePublished":"2025-09-19T09:56:30+00:00","dateModified":"2025-09-23T17:18:34+00:00","breadcrumb":{"@id":"https:\/\/vion-am.com\/de\/datenschutzerklaerung\/#breadcrumb"},"inLanguage":"de","potentialAction":[{"@type":"ReadAction","target":["https:\/\/vion-am.com\/de\/datenschutzerklaerung\/"]}]},{"@type":"BreadcrumbList","@id":"https:\/\/vion-am.com\/de\/datenschutzerklaerung\/#breadcrumb","itemListElement":[{"@type":"ListItem","position":1,"name":"Home","item":"https:\/\/vion-am.com\/de\/"},{"@type":"ListItem","position":2,"name":"Datenschutzerkl\u00e4rung"}]},{"@type":"WebSite","@id":"https:\/\/vion-am.com\/de\/#website","url":"https:\/\/vion-am.com\/de\/","name":"VION Asset Management","description":"Transparent. Fair. Unabh\u00e4ngig.","publisher":{"@id":"https:\/\/vion-am.com\/de\/#organization"},"potentialAction":[{"@type":"SearchAction","target":{"@type":"EntryPoint","urlTemplate":"https:\/\/vion-am.com\/de\/?s={search_term_string}"},"query-input":{"@type":"PropertyValueSpecification","valueRequired":true,"valueName":"search_term_string"}}],"inLanguage":"de"},{"@type":"Organization","@id":"https:\/\/vion-am.com\/de\/#organization","name":"VION Asset Management","url":"https:\/\/vion-am.com\/de\/","logo":{"@type":"ImageObject","inLanguage":"de","@id":"https:\/\/vion-am.com\/de\/#\/schema\/logo\/image\/","url":"https:\/\/vion-am.com\/wp-content\/uploads\/2025\/09\/vion-am-favicon.png","contentUrl":"https:\/\/vion-am.com\/wp-content\/uploads\/2025\/09\/vion-am-favicon.png","width":1024,"height":1024,"caption":"VION Asset Management"},"image":{"@id":"https:\/\/vion-am.com\/de\/#\/schema\/logo\/image\/"},"sameAs":["https:\/\/www.facebook.com\/vionassetmanagement","https:\/\/www.linkedin.com\/company\/vion-asset-management","https:\/\/www.instagram.com\/vion_asset_management\/"]}]}},"_links":{"self":[{"href":"https:\/\/vion-am.com\/de\/wp-json\/wp\/v2\/pages\/3","targetHints":{"allow":["GET"]}}],"collection":[{"href":"https:\/\/vion-am.com\/de\/wp-json\/wp\/v2\/pages"}],"about":[{"href":"https:\/\/vion-am.com\/de\/wp-json\/wp\/v2\/types\/page"}],"author":[{"embeddable":true,"href":"https:\/\/vion-am.com\/de\/wp-json\/wp\/v2\/users\/1"}],"replies":[{"embeddable":true,"href":"https:\/\/vion-am.com\/de\/wp-json\/wp\/v2\/comments?post=3"}],"version-history":[{"count":4,"href":"https:\/\/vion-am.com\/de\/wp-json\/wp\/v2\/pages\/3\/revisions"}],"predecessor-version":[{"id":311,"href":"https:\/\/vion-am.com\/de\/wp-json\/wp\/v2\/pages\/3\/revisions\/311"}],"wp:attachment":[{"href":"https:\/\/vion-am.com\/de\/wp-json\/wp\/v2\/media?parent=3"}],"curies":[{"name":"wp","href":"https:\/\/api.w.org\/{rel}","templated":true}]}}