{"id":32,"date":"2025-09-21T10:48:25","date_gmt":"2025-09-21T08:48:25","guid":{"rendered":"https:\/\/vion-am.com\/?page_id=32"},"modified":"2025-12-09T18:20:34","modified_gmt":"2025-12-09T17:20:34","slug":"impressum","status":"publish","type":"page","link":"https:\/\/vion-am.com\/de\/impressum\/","title":{"rendered":"Impressum"},"content":{"rendered":"<h1 id=\"wbk-headline\" class=\"aligncenter\">Impressum<\/h1>\n<div id=\"wbk-content\" class=\"ct cm\">\n<div class=\"wbk-widget wbk-widget-text wbk-inner-content\">\n<div class=\"wbk-widget-content wbk-widget-content-text\">\n<div>\n<p>VION Asset Management GmbH<br \/>\nGesellschaft mit beschr\u00e4nkter Haftung<br \/>\nHandelsregister: Amtsgericht K\u00f6ln HRB\u00a0 124161<\/p>\n<p>Sitz der Gesellschaft: K\u00f6ln<\/p>\n<p>Gesch\u00e4ftsanschrift: Hohe Stra\u00dfe 85-87, 50667 K\u00f6ln<br \/>\nGesch\u00e4ftsf\u00fchrer: Sebastian Louppen<\/p>\n<\/div>\n<\/div>\n<\/div>\n<div class=\"wbk-widget wbk-widget-text wbk-inner-content\">\n<div class=\"wbk-widget-content wbk-widget-content-text\">\n<p><a href=\"mailto:info@vion-am.com\">info@vion-am.com<\/a><\/p>\n<p>Technische Umsetzung Website: <a href=\"https:\/\/www.henning-tillmann.de\">Henning Tillmann<\/a><\/p>\n<p>Corporate Design: <a href=\"https:\/\/www.eschdesigns.de\">ESCHDESIGNS.<\/a><\/p>\n<\/div>\n<\/div>\n<\/div>\n","protected":false},"excerpt":{"rendered":"<p>Impressum VION Asset Management GmbH Gesellschaft mit beschr\u00e4nkter Haftung Handelsregister: Amtsgericht K\u00f6ln HRB\u00a0 124161 Sitz der Gesellschaft: K\u00f6ln Gesch\u00e4ftsanschrift: Hohe Stra\u00dfe 85-87, 50667 K\u00f6ln Gesch\u00e4ftsf\u00fchrer: Sebastian Louppen info@vion-am.com Technische Umsetzung Website: Henning Tillmann Corporate Design: ESCHDESIGNS.<\/p>\n","protected":false},"author":1,"featured_media":0,"parent":0,"menu_order":0,"comment_status":"closed","ping_status":"closed","template":"","meta":{"footnotes":""},"class_list":["post-32","page","type-page","status-publish","hentry"],"yoast_head":"<!-- This site is optimized with the Yoast SEO plugin v26.5 - https:\/\/yoast.com\/wordpress\/plugins\/seo\/ -->\n<title>Impressum - VION Asset Management<\/title>\n<meta name=\"robots\" content=\"index, follow, max-snippet:-1, max-image-preview:large, max-video-preview:-1\" \/>\n<link rel=\"canonical\" href=\"https:\/\/vion-am.com\/de\/impressum\/\" \/>\n<meta property=\"og:locale\" content=\"de_DE\" \/>\n<meta property=\"og:type\" content=\"article\" \/>\n<meta property=\"og:title\" content=\"Impressum - VION Asset Management\" \/>\n<meta property=\"og:description\" content=\"Impressum VION Asset Management GmbH Gesellschaft mit beschr\u00e4nkter Haftung Handelsregister: Amtsgericht K\u00f6ln HRB\u00a0 124161 Sitz der Gesellschaft: K\u00f6ln Gesch\u00e4ftsanschrift: Hohe Stra\u00dfe 85-87, 50667 K\u00f6ln Gesch\u00e4ftsf\u00fchrer: Sebastian Louppen info@vion-am.com Technische Umsetzung Website: Henning Tillmann Corporate Design: ESCHDESIGNS.\" \/>\n<meta property=\"og:url\" content=\"https:\/\/vion-am.com\/de\/impressum\/\" \/>\n<meta property=\"og:site_name\" content=\"VION Asset Management\" \/>\n<meta property=\"article:publisher\" content=\"https:\/\/www.facebook.com\/vionassetmanagement\" \/>\n<meta property=\"article:modified_time\" content=\"2025-12-09T17:20:34+00:00\" \/>\n<meta name=\"twitter:card\" content=\"summary_large_image\" \/>\n<meta name=\"twitter:label1\" content=\"Gesch\u00e4tzte Lesezeit\" \/>\n\t<meta name=\"twitter:data1\" content=\"1\u00a0Minute\" \/>\n<script type=\"application\/ld+json\" class=\"yoast-schema-graph\">{\"@context\":\"https:\/\/schema.org\",\"@graph\":[{\"@type\":\"WebPage\",\"@id\":\"https:\/\/vion-am.com\/de\/impressum\/\",\"url\":\"https:\/\/vion-am.com\/de\/impressum\/\",\"name\":\"Impressum - VION Asset Management\",\"isPartOf\":{\"@id\":\"https:\/\/vion-am.com\/de\/#website\"},\"datePublished\":\"2025-09-21T08:48:25+00:00\",\"dateModified\":\"2025-12-09T17:20:34+00:00\",\"breadcrumb\":{\"@id\":\"https:\/\/vion-am.com\/de\/impressum\/#breadcrumb\"},\"inLanguage\":\"de\",\"potentialAction\":[{\"@type\":\"ReadAction\",\"target\":[\"https:\/\/vion-am.com\/de\/impressum\/\"]}]},{\"@type\":\"BreadcrumbList\",\"@id\":\"https:\/\/vion-am.com\/de\/impressum\/#breadcrumb\",\"itemListElement\":[{\"@type\":\"ListItem\",\"position\":1,\"name\":\"Home\",\"item\":\"https:\/\/vion-am.com\/de\/\"},{\"@type\":\"ListItem\",\"position\":2,\"name\":\"Impressum\"}]},{\"@type\":\"WebSite\",\"@id\":\"https:\/\/vion-am.com\/de\/#website\",\"url\":\"https:\/\/vion-am.com\/de\/\",\"name\":\"VION Asset Management\",\"description\":\"Transparent. Fair. Unabh\u00e4ngig.\",\"publisher\":{\"@id\":\"https:\/\/vion-am.com\/de\/#organization\"},\"potentialAction\":[{\"@type\":\"SearchAction\",\"target\":{\"@type\":\"EntryPoint\",\"urlTemplate\":\"https:\/\/vion-am.com\/de\/?s={search_term_string}\"},\"query-input\":{\"@type\":\"PropertyValueSpecification\",\"valueRequired\":true,\"valueName\":\"search_term_string\"}}],\"inLanguage\":\"de\"},{\"@type\":\"Organization\",\"@id\":\"https:\/\/vion-am.com\/de\/#organization\",\"name\":\"VION Asset Management\",\"url\":\"https:\/\/vion-am.com\/de\/\",\"logo\":{\"@type\":\"ImageObject\",\"inLanguage\":\"de\",\"@id\":\"https:\/\/vion-am.com\/de\/#\/schema\/logo\/image\/\",\"url\":\"https:\/\/vion-am.com\/wp-content\/uploads\/2025\/09\/vion-am-favicon.png\",\"contentUrl\":\"https:\/\/vion-am.com\/wp-content\/uploads\/2025\/09\/vion-am-favicon.png\",\"width\":1024,\"height\":1024,\"caption\":\"VION Asset Management\"},\"image\":{\"@id\":\"https:\/\/vion-am.com\/de\/#\/schema\/logo\/image\/\"},\"sameAs\":[\"https:\/\/www.facebook.com\/vionassetmanagement\",\"https:\/\/www.linkedin.com\/company\/vion-asset-management\",\"https:\/\/www.instagram.com\/vion_asset_management\/\"]}]}<\/script>\n<!-- \/ Yoast SEO plugin. -->","yoast_head_json":{"title":"Impressum - VION Asset Management","robots":{"index":"index","follow":"follow","max-snippet":"max-snippet:-1","max-image-preview":"max-image-preview:large","max-video-preview":"max-video-preview:-1"},"canonical":"https:\/\/vion-am.com\/de\/impressum\/","og_locale":"de_DE","og_type":"article","og_title":"Impressum - VION Asset Management","og_description":"Impressum VION Asset Management GmbH Gesellschaft mit beschr\u00e4nkter Haftung Handelsregister: Amtsgericht K\u00f6ln HRB\u00a0 124161 Sitz der Gesellschaft: K\u00f6ln Gesch\u00e4ftsanschrift: Hohe Stra\u00dfe 85-87, 50667 K\u00f6ln Gesch\u00e4ftsf\u00fchrer: Sebastian Louppen info@vion-am.com Technische Umsetzung Website: Henning Tillmann Corporate Design: ESCHDESIGNS.","og_url":"https:\/\/vion-am.com\/de\/impressum\/","og_site_name":"VION Asset Management","article_publisher":"https:\/\/www.facebook.com\/vionassetmanagement","article_modified_time":"2025-12-09T17:20:34+00:00","twitter_card":"summary_large_image","twitter_misc":{"Gesch\u00e4tzte Lesezeit":"1\u00a0Minute"},"schema":{"@context":"https:\/\/schema.org","@graph":[{"@type":"WebPage","@id":"https:\/\/vion-am.com\/de\/impressum\/","url":"https:\/\/vion-am.com\/de\/impressum\/","name":"Impressum - VION Asset Management","isPartOf":{"@id":"https:\/\/vion-am.com\/de\/#website"},"datePublished":"2025-09-21T08:48:25+00:00","dateModified":"2025-12-09T17:20:34+00:00","breadcrumb":{"@id":"https:\/\/vion-am.com\/de\/impressum\/#breadcrumb"},"inLanguage":"de","potentialAction":[{"@type":"ReadAction","target":["https:\/\/vion-am.com\/de\/impressum\/"]}]},{"@type":"BreadcrumbList","@id":"https:\/\/vion-am.com\/de\/impressum\/#breadcrumb","itemListElement":[{"@type":"ListItem","position":1,"name":"Home","item":"https:\/\/vion-am.com\/de\/"},{"@type":"ListItem","position":2,"name":"Impressum"}]},{"@type":"WebSite","@id":"https:\/\/vion-am.com\/de\/#website","url":"https:\/\/vion-am.com\/de\/","name":"VION Asset Management","description":"Transparent. Fair. Unabh\u00e4ngig.","publisher":{"@id":"https:\/\/vion-am.com\/de\/#organization"},"potentialAction":[{"@type":"SearchAction","target":{"@type":"EntryPoint","urlTemplate":"https:\/\/vion-am.com\/de\/?s={search_term_string}"},"query-input":{"@type":"PropertyValueSpecification","valueRequired":true,"valueName":"search_term_string"}}],"inLanguage":"de"},{"@type":"Organization","@id":"https:\/\/vion-am.com\/de\/#organization","name":"VION Asset Management","url":"https:\/\/vion-am.com\/de\/","logo":{"@type":"ImageObject","inLanguage":"de","@id":"https:\/\/vion-am.com\/de\/#\/schema\/logo\/image\/","url":"https:\/\/vion-am.com\/wp-content\/uploads\/2025\/09\/vion-am-favicon.png","contentUrl":"https:\/\/vion-am.com\/wp-content\/uploads\/2025\/09\/vion-am-favicon.png","width":1024,"height":1024,"caption":"VION Asset Management"},"image":{"@id":"https:\/\/vion-am.com\/de\/#\/schema\/logo\/image\/"},"sameAs":["https:\/\/www.facebook.com\/vionassetmanagement","https:\/\/www.linkedin.com\/company\/vion-asset-management","https:\/\/www.instagram.com\/vion_asset_management\/"]}]}},"_links":{"self":[{"href":"https:\/\/vion-am.com\/de\/wp-json\/wp\/v2\/pages\/32","targetHints":{"allow":["GET"]}}],"collection":[{"href":"https:\/\/vion-am.com\/de\/wp-json\/wp\/v2\/pages"}],"about":[{"href":"https:\/\/vion-am.com\/de\/wp-json\/wp\/v2\/types\/page"}],"author":[{"embeddable":true,"href":"https:\/\/vion-am.com\/de\/wp-json\/wp\/v2\/users\/1"}],"replies":[{"embeddable":true,"href":"https:\/\/vion-am.com\/de\/wp-json\/wp\/v2\/comments?post=32"}],"version-history":[{"count":5,"href":"https:\/\/vion-am.com\/de\/wp-json\/wp\/v2\/pages\/32\/revisions"}],"predecessor-version":[{"id":289,"href":"https:\/\/vion-am.com\/de\/wp-json\/wp\/v2\/pages\/32\/revisions\/289"}],"wp:attachment":[{"href":"https:\/\/vion-am.com\/de\/wp-json\/wp\/v2\/media?parent=32"}],"curies":[{"name":"wp","href":"https:\/\/api.w.org\/{rel}","templated":true}]}}